{"id":407953,"date":"2025-04-01T20:41:16","date_gmt":"2025-04-01T18:41:16","guid":{"rendered":"https:\/\/lucacastelli.com\/prodotto\/deuter-speed-lite-13-schwarz\/"},"modified":"2025-06-28T23:34:40","modified_gmt":"2025-06-28T21:34:40","slug":"deuter-speed-lite-13-schwarz","status":"publish","type":"product","link":"https:\/\/lucacastelli.com\/de\/produkt\/deuter-speed-lite-13-schwarz\/","title":{"rendered":"DEUTER Speed Lite 13 Schwarz"},"content":{"rendered":"<p>Bewegen Sie sich schnell, leicht und bequem in den Bergen dank des Lite-R\u00fcckensystems von deuter, perforierten und ergonomischen Schultergurten, einem abnehmbaren H\u00fcftgurt und einem zweifach verstellbaren Brustgurt. Sie k\u00f6nnen Ihre Ausr\u00fcstung, Fl\u00fcssigkeitszufuhr und Lebensmittel zwischen dem Hauptfach und den beiden Seitentaschen aufteilen. Zus\u00e4tzlich ist er mit Haken f\u00fcr eine Helmhalterung an der Vorderseite ausgestattet, falls n\u00f6tig.  <\/p>\n<p>&nbsp;<\/p>\n<p>FUNKTIONEN<\/p>\n<ul>\n<li>Mesh-Helmhalterung separat erh\u00e4ltlich<\/li>\n<li>Schl\u00fcsselanh\u00e4nger<\/li>\n<li>Lite-R\u00fcckensystem<\/li>\n<li>Innenfach f\u00fcr nasse Kleidung<\/li>\n<li>Verstellbarer und abnehmbarer Brustgurt<\/li>\n<li>Durchgehende Rei\u00dfverschluss\u00f6ffnung<\/li>\n<li>Obere Tasche mit Rei\u00dfverschluss<\/li>\n<li>Seitentasche: Mesh<\/li>\n<li>Bidirektional verstellbarer Brustgurt<\/li>\n<li>Perforierte Schultergurte<\/li>\n<li>Kupplungsschlaufen<\/li>\n<\/ul>\n","protected":false},"excerpt":{"rendered":"<p>Bewegen Sie sich schnell, leicht und bequem in den Bergen dank des Lite-R\u00fcckensystems von deuter, perforierten und ergonomischen Schultergurten, einem<\/p>\n","protected":false},"featured_media":406719,"template":"","meta":{"_seopress_robots_primary_cat":"","_seopress_titles_title":"","_seopress_titles_desc":"","_seopress_robots_index":""},"product_brand":[3617],"product_cat":[150,1409,1703],"product_tag":[],"class_list":{"0":"post-407953","1":"product","2":"type-product","3":"status-publish","4":"has-post-thumbnail","6":"product_brand-deuter-de","7":"product_cat-ausrustung","8":"product_cat-freizeitausrustung","9":"product_cat-sonstiges","10":"sws-gruppo-abb-libero-de","11":"sws-conto-ricavi-merci-rivendita-abbigliamento-de","12":"sws-gruppo-iva-iva81-de","14":"first","15":"instock","16":"shipping-taxable","17":"purchasable","18":"product-type-simple"},"_links":{"self":[{"href":"https:\/\/lucacastelli.com\/de\/wp-json\/wp\/v2\/product\/407953","targetHints":{"allow":["GET"]}}],"collection":[{"href":"https:\/\/lucacastelli.com\/de\/wp-json\/wp\/v2\/product"}],"about":[{"href":"https:\/\/lucacastelli.com\/de\/wp-json\/wp\/v2\/types\/product"}],"wp:featuredmedia":[{"embeddable":true,"href":"https:\/\/lucacastelli.com\/de\/wp-json\/wp\/v2\/media\/406719"}],"wp:attachment":[{"href":"https:\/\/lucacastelli.com\/de\/wp-json\/wp\/v2\/media?parent=407953"}],"wp:term":[{"taxonomy":"product_brand","embeddable":true,"href":"https:\/\/lucacastelli.com\/de\/wp-json\/wp\/v2\/product_brand?post=407953"},{"taxonomy":"product_cat","embeddable":true,"href":"https:\/\/lucacastelli.com\/de\/wp-json\/wp\/v2\/product_cat?post=407953"},{"taxonomy":"product_tag","embeddable":true,"href":"https:\/\/lucacastelli.com\/de\/wp-json\/wp\/v2\/product_tag?post=407953"}],"curies":[{"name":"wp","href":"https:\/\/api.w.org\/{rel}","templated":true}]}}