{"id":407950,"date":"2025-04-01T21:00:20","date_gmt":"2025-04-01T19:00:20","guid":{"rendered":"https:\/\/lucacastelli.com\/prodotto\/deuter-speed-lite-17\/"},"modified":"2026-04-17T23:27:26","modified_gmt":"2026-04-17T21:27:26","slug":"deuter-speed-lite-17","status":"publish","type":"product","link":"https:\/\/lucacastelli.com\/de\/produkt\/deuter-speed-lite-17\/","title":{"rendered":"DEUTER Speed Lite 17"},"content":{"rendered":"<p>Bewegen Sie sich schnell, leicht und komfortabel in den Bergen dank des Lite-R\u00fcckensystems von deuter, den perforierten ergonomischen Schultergurten, einem abnehmbaren H\u00fcftgurt und einem bidirektional verstellbaren Brustgurt. Sie k\u00f6nnen Ausr\u00fcstung, Fl\u00fcssigkeit und Verpflegung zwischen dem Hauptfach und den beiden Seitentaschen aufteilen. Zudem ist er mit Befestigungsschlaufen f\u00fcr eine Helmhalterung vorne ausgestattet, falls erforderlich.  <\/p>\n<p>&nbsp;<\/p>\n<p>FEATURES<\/p>\n<ul>\n<li>Befestigungsschlaufen<\/li>\n<li>Schl\u00fcsselanh\u00e4nger<\/li>\n<li>Netz-Helmhalterung separat erh\u00e4ltlich<\/li>\n<li>Lite-R\u00fcckensystem<\/li>\n<li>Bidirektional verstellbarer Brustgurt<\/li>\n<li>Innenfach f\u00fcr nasse Kleidung<\/li>\n<li>Verstellbarer und abnehmbarer Brustgurt<\/li>\n<li>Durchgehender Rei\u00dfverschluss<\/li>\n<li>Obere Tasche mit Rei\u00dfverschluss<\/li>\n<li>Seitentasche: Netz<\/li>\n<li>Perforierte Schultergurte<\/li>\n<\/ul>\n<h4 class=\"h6 mb-0 text-color-default\"><\/h4>\n<div class=\"\"><\/div>\n","protected":false},"excerpt":{"rendered":"<p>Bewegen Sie sich schnell, leicht und komfortabel in den Bergen dank des Lite-R\u00fcckensystems von deuter, den perforierten ergonomischen Schultergurten, einem<\/p>\n","protected":false},"featured_media":406725,"template":"","meta":{"_seopress_robots_primary_cat":"none","_seopress_titles_title":"","_seopress_titles_desc":"","_seopress_robots_index":""},"product_brand":[3617],"product_cat":[150,1409,1703],"product_tag":[],"class_list":{"0":"post-407950","1":"product","2":"type-product","3":"status-publish","4":"has-post-thumbnail","6":"product_brand-deuter-de","7":"product_cat-ausrustung","8":"product_cat-freizeitausrustung","9":"product_cat-sonstiges","10":"sws-gruppo-abb-libero-de","11":"sws-conto-ricavi-merci-rivendita-abbigliamento-de","12":"sws-gruppo-iva-iva81-de","14":"first","15":"instock","16":"shipping-taxable","17":"purchasable","18":"product-type-simple"},"_links":{"self":[{"href":"https:\/\/lucacastelli.com\/de\/wp-json\/wp\/v2\/product\/407950","targetHints":{"allow":["GET"]}}],"collection":[{"href":"https:\/\/lucacastelli.com\/de\/wp-json\/wp\/v2\/product"}],"about":[{"href":"https:\/\/lucacastelli.com\/de\/wp-json\/wp\/v2\/types\/product"}],"wp:featuredmedia":[{"embeddable":true,"href":"https:\/\/lucacastelli.com\/de\/wp-json\/wp\/v2\/media\/406725"}],"wp:attachment":[{"href":"https:\/\/lucacastelli.com\/de\/wp-json\/wp\/v2\/media?parent=407950"}],"wp:term":[{"taxonomy":"product_brand","embeddable":true,"href":"https:\/\/lucacastelli.com\/de\/wp-json\/wp\/v2\/product_brand?post=407950"},{"taxonomy":"product_cat","embeddable":true,"href":"https:\/\/lucacastelli.com\/de\/wp-json\/wp\/v2\/product_cat?post=407950"},{"taxonomy":"product_tag","embeddable":true,"href":"https:\/\/lucacastelli.com\/de\/wp-json\/wp\/v2\/product_tag?post=407950"}],"curies":[{"name":"wp","href":"https:\/\/api.w.org\/{rel}","templated":true}]}}