{"id":407918,"date":"2026-04-12T09:07:43","date_gmt":"2026-04-12T07:07:43","guid":{"rendered":"https:\/\/lucacastelli.com\/prodotto\/la-sportiva-aequilibrium-trek-frau-gtx\/"},"modified":"2026-04-12T10:40:53","modified_gmt":"2026-04-12T08:40:53","slug":"la-sportiva-aequilibrium-trek-frau-gtx","status":"publish","type":"product","link":"https:\/\/lucacastelli.com\/de\/produkt\/la-sportiva-aequilibrium-trek-frau-gtx\/","title":{"rendered":"La Sportiva Aequilibrium Trek Damen GTX"},"content":{"rendered":"<p>Entwickelt f\u00fcr Schutz und Halt bei gleichzeitiger extremer Gehf\u00e4higkeit und Bewegungsfreiheit, selbst in technisch anspruchsvollen Passagen. La Sportiva Know-how und Technologien aus der Welt des Mountaineering vereinen sich im perfekten Schuh f\u00fcr lange Trekking- und Backpacking-Touren: ein optimaler Kompromiss zwischen technischem Anspruch und Komfort. Ein fl\u00fcssiges Abrollverhalten und nat\u00fcrliches Auftreten werden durch die Sohle mit Double Heel\u2122-Konstruktion garantiert, w\u00e4hrend das Impact Brake System\u2122 f\u00fcr maximale Traktion bergauf und Bremskontrolle bergab sorgt. Die wiederbesohlbare Laufsohle verl\u00e4ngert die Lebensdauer des Produkts und sichert die Qualit\u00e4t. Das abriebfeste Oberleder passt sich der Ergonomie des Fu\u00dfes an und macht diesen Schuh zum idealen Begleiter f\u00fcr jedes Abenteuer.    <\/p>\n","protected":false},"excerpt":{"rendered":"<p>Entwickelt f\u00fcr Schutz und Halt bei gleichzeitiger extremer Gehf\u00e4higkeit und Bewegungsfreiheit, selbst in technisch anspruchsvollen Passagen. La Sportiva Know-how und<\/p>\n","protected":false},"featured_media":102314,"template":"","meta":{"_seopress_robots_primary_cat":"none","_seopress_titles_title":"","_seopress_titles_desc":"","_seopress_robots_index":""},"product_brand":[3649],"product_cat":[1430,1419,175],"product_tag":[],"class_list":{"0":"post-407918","1":"product","2":"type-product","3":"status-publish","4":"has-post-thumbnail","6":"product_brand-la-sportiva-de","7":"product_cat-damen-schuhe","8":"product_cat-freizeitschuhe","9":"product_cat-schuhe","10":"sws-gruppo-no-gruppo-de","11":"sws-categoria-sito-de","12":"sws-gruppo-iva-iva81-de","14":"first","15":"instock","16":"sale","17":"shipping-taxable","18":"purchasable","19":"product-type-variable"},"_links":{"self":[{"href":"https:\/\/lucacastelli.com\/de\/wp-json\/wp\/v2\/product\/407918","targetHints":{"allow":["GET"]}}],"collection":[{"href":"https:\/\/lucacastelli.com\/de\/wp-json\/wp\/v2\/product"}],"about":[{"href":"https:\/\/lucacastelli.com\/de\/wp-json\/wp\/v2\/types\/product"}],"wp:featuredmedia":[{"embeddable":true,"href":"https:\/\/lucacastelli.com\/de\/wp-json\/wp\/v2\/media\/102314"}],"wp:attachment":[{"href":"https:\/\/lucacastelli.com\/de\/wp-json\/wp\/v2\/media?parent=407918"}],"wp:term":[{"taxonomy":"product_brand","embeddable":true,"href":"https:\/\/lucacastelli.com\/de\/wp-json\/wp\/v2\/product_brand?post=407918"},{"taxonomy":"product_cat","embeddable":true,"href":"https:\/\/lucacastelli.com\/de\/wp-json\/wp\/v2\/product_cat?post=407918"},{"taxonomy":"product_tag","embeddable":true,"href":"https:\/\/lucacastelli.com\/de\/wp-json\/wp\/v2\/product_tag?post=407918"}],"curies":[{"name":"wp","href":"https:\/\/api.w.org\/{rel}","templated":true}]}}