{"id":407770,"date":"2026-03-09T17:49:29","date_gmt":"2026-03-09T16:49:29","guid":{"rendered":"https:\/\/lucacastelli.com\/prodotto\/la-sportiva-aequilibrium-hike-gtx\/"},"modified":"2026-04-02T00:09:00","modified_gmt":"2026-04-01T22:09:00","slug":"la-sportiva-aequilibrium-hike-gtx","status":"publish","type":"product","link":"https:\/\/lucacastelli.com\/de\/produkt\/la-sportiva-aequilibrium-hike-gtx\/","title":{"rendered":"La Sportiva Aequilibrium Hike GTX"},"content":{"rendered":"<p>Ein agiler und leichter Mid-Cut-Schuh, die perfekte Erg\u00e4nzung der Aequilibrium-Familie f\u00fcr Wanderungen in gemischtem Gel\u00e4nde. Das Synthetikgewebe garantiert Leichtigkeit und Atmungsaktivit\u00e4t, ohne dabei auf Schutz und Langlebigkeit zu verzichten, auch dank der abriebfesten R\u00e4nder an den exponiertesten Stellen. Das 3D Flex System Evo\u2122 sorgt f\u00fcr nat\u00fcrliche Flexibilit\u00e4t und Mobilit\u00e4t im Kn\u00f6chelbereich und gew\u00e4hrleistet Grip und Sicherheit auf jedem Untergrund. 100 % wasserdicht dank der GORE-TEX Extended Comfort Membran und einer wiederbesohlbaren Laufsohle, die die Lebensdauer des Produkts verl\u00e4ngert und die Qualit\u00e4t der Sohle garantiert.  <\/p>\n<p>TECHNISCHE INFOS<br \/>\nPatent: 3D Flex System Evo\u2122 &#8211; Impact Brake System\u2122.<br \/>\nSohle: Vibram-Gummilaufsohle und PU-Schaum-Innenseite.<br \/>\nGewicht: 480 g (1\/2 Paar)<\/p>\n","protected":false},"excerpt":{"rendered":"<p>Ein agiler und leichter Mid-Cut-Schuh, die perfekte Erg\u00e4nzung der Aequilibrium-Familie f\u00fcr Wanderungen in gemischtem Gel\u00e4nde. Das Synthetikgewebe garantiert Leichtigkeit und<\/p>\n","protected":false},"featured_media":777806,"template":"","meta":{"_seopress_robots_primary_cat":"none","_seopress_titles_title":"","_seopress_titles_desc":"","_seopress_robots_index":""},"product_brand":[3649],"product_cat":[1419,1431,175],"product_tag":[],"class_list":{"0":"post-407770","1":"product","2":"type-product","3":"status-publish","4":"has-post-thumbnail","6":"product_brand-la-sportiva-de","7":"product_cat-freizeitschuhe","8":"product_cat-herrenschuhe","9":"product_cat-schuhe","10":"sws-gruppo-no-gruppo-de","11":"sws-categoria-sito-de","12":"sws-gruppo-iva-iva81-de","14":"first","15":"instock","16":"sale","17":"shipping-taxable","18":"purchasable","19":"product-type-variable","20":"has-default-attributes"},"_links":{"self":[{"href":"https:\/\/lucacastelli.com\/de\/wp-json\/wp\/v2\/product\/407770","targetHints":{"allow":["GET"]}}],"collection":[{"href":"https:\/\/lucacastelli.com\/de\/wp-json\/wp\/v2\/product"}],"about":[{"href":"https:\/\/lucacastelli.com\/de\/wp-json\/wp\/v2\/types\/product"}],"wp:featuredmedia":[{"embeddable":true,"href":"https:\/\/lucacastelli.com\/de\/wp-json\/wp\/v2\/media\/777806"}],"wp:attachment":[{"href":"https:\/\/lucacastelli.com\/de\/wp-json\/wp\/v2\/media?parent=407770"}],"wp:term":[{"taxonomy":"product_brand","embeddable":true,"href":"https:\/\/lucacastelli.com\/de\/wp-json\/wp\/v2\/product_brand?post=407770"},{"taxonomy":"product_cat","embeddable":true,"href":"https:\/\/lucacastelli.com\/de\/wp-json\/wp\/v2\/product_cat?post=407770"},{"taxonomy":"product_tag","embeddable":true,"href":"https:\/\/lucacastelli.com\/de\/wp-json\/wp\/v2\/product_tag?post=407770"}],"curies":[{"name":"wp","href":"https:\/\/api.w.org\/{rel}","templated":true}]}}