{"id":407726,"date":"2026-03-09T13:04:39","date_gmt":"2026-03-09T12:04:39","guid":{"rendered":"https:\/\/lucacastelli.com\/prodotto\/la-sportiva-aequilibrium-wanderung-frau-gtx\/"},"modified":"2026-04-13T22:02:10","modified_gmt":"2026-04-13T20:02:10","slug":"la-sportiva-aequilibrium-wanderung-frau-gtx","status":"publish","type":"product","link":"https:\/\/lucacastelli.com\/de\/produkt\/la-sportiva-aequilibrium-wanderung-frau-gtx\/","title":{"rendered":"La Sportiva Aequilibrium Hike Woman GTX"},"content":{"rendered":"<p>Ein wendiger und leichter Mid-Cut-Wanderschuh, die perfekte Erg\u00e4nzung zur Aequilibrium Hike-Familie f\u00fcr Wanderungen auf gemischtem Gel\u00e4nde. Das synthetische Gewebe garantiert Leichtigkeit und Atmungsaktivit\u00e4t, ohne auf Schutz und Langlebigkeit zu verzichten, auch dank der abriebfesten Kanten in den besonders beanspruchten Bereichen. Das 3D Flex System Evo\u2122 sorgt f\u00fcr nat\u00fcrliche Flexibilit\u00e4t und Beweglichkeit im Kn\u00f6chelbereich und garantiert Halt und Sicherheit auf jedem Gel\u00e4nde. 100% wasserdicht dank GORE-TEX Extended Comfort-Membran. Aufl\u00f6sbare Lauffl\u00e4che, die die Lebensdauer des Produkts verl\u00e4ngert und die Qualit\u00e4t der Sohle gew\u00e4hrleistet.   <\/p>\n","protected":false},"excerpt":{"rendered":"<p>Ein wendiger und leichter Mid-Cut-Wanderschuh, die perfekte Erg\u00e4nzung zur Aequilibrium Hike-Familie f\u00fcr Wanderungen auf gemischtem Gel\u00e4nde. Das synthetische Gewebe garantiert<\/p>\n","protected":false},"featured_media":777829,"template":"","meta":{"_seopress_robots_primary_cat":"none","_seopress_titles_title":"","_seopress_titles_desc":"","_seopress_robots_index":""},"product_brand":[3649],"product_cat":[175,1419,1430],"product_tag":[],"class_list":{"0":"post-407726","1":"product","2":"type-product","3":"status-publish","4":"has-post-thumbnail","6":"product_brand-la-sportiva-de","7":"product_cat-schuhe","8":"product_cat-freizeitschuhe","9":"product_cat-damen-schuhe","10":"sws-gruppo-no-gruppo-de","11":"sws-categoria-sito-de","12":"sws-conto-ricavi-merci-rivendita-calzature-de","13":"sws-gruppo-iva-iva81-de","15":"first","16":"instock","17":"sale","18":"shipping-taxable","19":"purchasable","20":"product-type-variable","21":"has-default-attributes"},"_links":{"self":[{"href":"https:\/\/lucacastelli.com\/de\/wp-json\/wp\/v2\/product\/407726","targetHints":{"allow":["GET"]}}],"collection":[{"href":"https:\/\/lucacastelli.com\/de\/wp-json\/wp\/v2\/product"}],"about":[{"href":"https:\/\/lucacastelli.com\/de\/wp-json\/wp\/v2\/types\/product"}],"wp:featuredmedia":[{"embeddable":true,"href":"https:\/\/lucacastelli.com\/de\/wp-json\/wp\/v2\/media\/777829"}],"wp:attachment":[{"href":"https:\/\/lucacastelli.com\/de\/wp-json\/wp\/v2\/media?parent=407726"}],"wp:term":[{"taxonomy":"product_brand","embeddable":true,"href":"https:\/\/lucacastelli.com\/de\/wp-json\/wp\/v2\/product_brand?post=407726"},{"taxonomy":"product_cat","embeddable":true,"href":"https:\/\/lucacastelli.com\/de\/wp-json\/wp\/v2\/product_cat?post=407726"},{"taxonomy":"product_tag","embeddable":true,"href":"https:\/\/lucacastelli.com\/de\/wp-json\/wp\/v2\/product_tag?post=407726"}],"curies":[{"name":"wp","href":"https:\/\/api.w.org\/{rel}","templated":true}]}}