{"id":407666,"date":"2026-03-02T11:00:02","date_gmt":"2026-03-02T10:00:02","guid":{"rendered":"https:\/\/lucacastelli.com\/prodotto\/la-sportiva-aequilibrium-st-frau-gtx\/"},"modified":"2026-03-02T14:45:05","modified_gmt":"2026-03-02T13:45:05","slug":"la-sportiva-aequilibrium-st-frau-gtx","status":"publish","type":"product","link":"https:\/\/lucacastelli.com\/de\/produkt\/la-sportiva-aequilibrium-st-frau-gtx\/","title":{"rendered":"LA SPORTIVA Aequilibrium ST Woman GTX"},"content":{"rendered":"<p>Ultraleichter technischer Wanderschuh, ideal f\u00fcr Klettersteige, Trekking, Gletscher\u00fcberquerungen und kombiniertes Gel\u00e4nde.<\/p>\n<p>BESCHREIBUNG<br \/>\nDer Aequilibrium ST GTX ist der leichte Wanderschuh f\u00fcr technisches Trekking, ideal f\u00fcr Klettersteige, Trekkingtouren und Gletscher\u00fcberquerungen sowie gemischtes Gel\u00e4nde. Maximaler Tragekomfort dank integrierter Faltenbalg-Zunge und weicher Schneegamasche am Schaftrand. Au\u00dfergew\u00f6hnliche Abrolleigenschaften dank der innovativen Double Heel\u2122-Fersenkonstruktion: Die Geometrie mit stark ausgepr\u00e4gtem doppeltem Fersenabsatz erh\u00f6ht die Bremswirkung beim Abstieg und erm\u00f6glicht ein fl\u00fcssigeres Abrollen bei reduzierter Muskelerm\u00fcdung. Langlebigkeit und Leichtigkeit in perfekter Harmonie dank des neuen Sohlen-\/Zwischensohlenpakets mit \u00e4u\u00dferer Rubber Guard\u2122-Schalenkonstruktion und innenliegendem Schaumstoffmaterial f\u00fcr ausgepr\u00e4gte D\u00e4mpfung und Gewichtsersparnis durch reduzierten Gummischichteneinsatz. Die Form ist Ergonomic: umschlie\u00dfend und pr\u00e4zise mit integrierten TPU-Schalen an Spitze und Ferse zur Verst\u00e4rkung des Schafts. Das 3D Flex System Evo\u2122-Richtungsgelenk mit geformtem Kn\u00f6chel und Abriebschutz erm\u00f6glicht bessere Trittkontrolle und perfekte Kn\u00f6chelbeweglichkeit. Die Schutzgamasche \u00fcber der Schn\u00fcrung an der Spitze sch\u00fctzt vor Abrieb. Die Zwischensohle ist steigeisenfest, die Sohle verf\u00fcgt \u00fcber ein Vibram\u00ae SpringLug Tech-Profil mit Impact Brake System-Stollen f\u00fcr bessere Anpassung an harte Felsoberfl\u00e4chen. Alpinismus in perfekter Harmonie.        <\/p>\n<p>Obermaterial:<br \/>\nWasserabweisendes Hochfestigkeits-Nylon 60,6 mit Honey Comb Guard-Abriebschutzzonen<\/p>\n<p>Futter:<br \/>\nGore-Tex Performance Comfort<\/p>\n<p>Einlegesohle:<br \/>\n Carbongef\u00fclltes Nylon<\/p>\n<p>Zwischensohle:<br \/>\n Keine<\/p>\n<p>Sohle:<br \/>\nVibram\u00ae SpringLug Tech-Gummilaufsohle und PU-Schaum innen<\/p>\n<p>Gewicht:<br \/>\n515 g (Einzelschuh)<\/p>\n","protected":false},"excerpt":{"rendered":"<p>Ultraleichter technischer Wanderschuh, ideal f\u00fcr Klettersteige, Trekking, Gletscher\u00fcberquerungen und kombiniertes Gel\u00e4nde. BESCHREIBUNG Der Aequilibrium ST GTX ist der leichte Wanderschuh<\/p>\n","protected":false},"featured_media":92794,"template":"","meta":{"_seopress_robots_primary_cat":"none","_seopress_titles_title":"","_seopress_titles_desc":"","_seopress_robots_index":""},"product_brand":[3649],"product_cat":[175,1419,1430],"product_tag":[],"class_list":{"0":"post-407666","1":"product","2":"type-product","3":"status-publish","4":"has-post-thumbnail","6":"product_brand-la-sportiva-de","7":"product_cat-schuhe","8":"product_cat-freizeitschuhe","9":"product_cat-damen-schuhe","11":"first","12":"instock","13":"shipping-taxable","14":"purchasable","15":"product-type-variable"},"_links":{"self":[{"href":"https:\/\/lucacastelli.com\/de\/wp-json\/wp\/v2\/product\/407666","targetHints":{"allow":["GET"]}}],"collection":[{"href":"https:\/\/lucacastelli.com\/de\/wp-json\/wp\/v2\/product"}],"about":[{"href":"https:\/\/lucacastelli.com\/de\/wp-json\/wp\/v2\/types\/product"}],"wp:featuredmedia":[{"embeddable":true,"href":"https:\/\/lucacastelli.com\/de\/wp-json\/wp\/v2\/media\/92794"}],"wp:attachment":[{"href":"https:\/\/lucacastelli.com\/de\/wp-json\/wp\/v2\/media?parent=407666"}],"wp:term":[{"taxonomy":"product_brand","embeddable":true,"href":"https:\/\/lucacastelli.com\/de\/wp-json\/wp\/v2\/product_brand?post=407666"},{"taxonomy":"product_cat","embeddable":true,"href":"https:\/\/lucacastelli.com\/de\/wp-json\/wp\/v2\/product_cat?post=407666"},{"taxonomy":"product_tag","embeddable":true,"href":"https:\/\/lucacastelli.com\/de\/wp-json\/wp\/v2\/product_tag?post=407666"}],"curies":[{"name":"wp","href":"https:\/\/api.w.org\/{rel}","templated":true}]}}