{"id":407664,"date":"2023-05-09T14:15:36","date_gmt":"2023-05-09T12:15:36","guid":{"rendered":"https:\/\/lucacastelli.com\/prodotto\/la-sportiva-aequilibrium-lt-gtx\/"},"modified":"2025-09-03T08:19:02","modified_gmt":"2025-09-03T06:19:02","slug":"la-sportiva-aequilibrium-lt-gtx","status":"publish","type":"product","link":"https:\/\/lucacastelli.com\/de\/produkt\/la-sportiva-aequilibrium-lt-gtx\/","title":{"rendered":"LA SPORTIVA Aequilibrium LT GTX"},"content":{"rendered":"<p>Technischer Wanderschuh, ideal f\u00fcr Rucksacktouren und mehrt\u00e4gige Wanderungen in gro\u00dfer H\u00f6he.<\/p>\n<p>BESCHREIBUNG<br \/>\nDer Aequilibrium LT GTX ist der strapazierf\u00e4hige Bergwanderschuh, ideal f\u00fcr Rucksacktouren und mehrt\u00e4gige Wanderungen in der H\u00f6he. Au\u00dfergew\u00f6hnliche Gehf\u00e4higkeit dank der innovativen Double Heel\u2122 Fersenkonstruktion: Die sehr ausgepr\u00e4gte doppelte Fersengeometrie erh\u00f6ht die Bremswirkung beim Abstieg und erm\u00f6glicht ein sanfteres Abrollen, wodurch die Muskelerm\u00fcdung verringert wird. Langlebigkeit und Leichtigkeit koexistieren in Harmonie dank des neuen Au\u00dfensohlen-\/Zwischensohlenpakets mit Rubber Guard\u2122 Au\u00dfenschalenkonstruktion und internem Schaumstoff f\u00fcr akzentuierte D\u00e4mpfung und Leichtigkeit aus weniger Gummischichten. Die Form ist ergonomisch: eng anliegend und pr\u00e4zise mit TPU-Schalen im Zehen- und Fersenbereich, die das Obermaterial verst\u00e4rken. Das direktionale 3D Flex System Evo\u2122-Gelenk mit geformtem Kn\u00f6chel und Abriebschutz erm\u00f6glicht eine bessere Kontrolle \u00fcber den Fu\u00df und eine perfekte Beweglichkeit des Kn\u00f6chels. Vibram\u00ae SpringLug Tech-Profil mit Impact Brake System-Stollen f\u00fcr eine bessere Anpassungsf\u00e4higkeit an harte Felsoberfl\u00e4chen.    <\/p>\n<p>Obermaterial:<br \/>\n Nubuk + abriebfeste Stoffeins\u00e4tze<\/p>\n<p>Futter:<br \/>\n GORE-TEX Performance Comfort<\/p>\n<p>Einlegesohle:<br \/>\n Carbongef\u00fclltes Nylon<\/p>\n<p>Zwischensohle:<br \/>\n Keine<\/p>\n<p>Sohle:<br \/>\n Vibram\u00ae SpringLug Tech Gummiprofil und interner PU-Schaum<\/p>\n<p>Gewicht:<br \/>\n640 g (1\/2 Paar)<\/p>\n","protected":false},"excerpt":{"rendered":"<p>Technischer Wanderschuh, ideal f\u00fcr Rucksacktouren und mehrt\u00e4gige Wanderungen in gro\u00dfer H\u00f6he. BESCHREIBUNG Der Aequilibrium LT GTX ist der strapazierf\u00e4hige Bergwanderschuh,<\/p>\n","protected":false},"featured_media":625801,"template":"","meta":{"_seopress_robots_primary_cat":"none","_seopress_titles_title":"","_seopress_titles_desc":"","_seopress_robots_index":""},"product_brand":[3649],"product_cat":[1419,1431,175],"product_tag":[],"class_list":{"0":"post-407664","1":"product","2":"type-product","3":"status-publish","4":"has-post-thumbnail","6":"product_brand-la-sportiva-de","7":"product_cat-freizeitschuhe","8":"product_cat-herrenschuhe","9":"product_cat-schuhe","10":"sws-gruppo-abb-libero-de","11":"sws-conto-ricavi-merci-rivendita-abbigliamento-de","12":"sws-gruppo-iva-iva81-de","14":"first","15":"instock","16":"shipping-taxable","17":"purchasable","18":"product-type-variable","19":"has-default-attributes"},"_links":{"self":[{"href":"https:\/\/lucacastelli.com\/de\/wp-json\/wp\/v2\/product\/407664","targetHints":{"allow":["GET"]}}],"collection":[{"href":"https:\/\/lucacastelli.com\/de\/wp-json\/wp\/v2\/product"}],"about":[{"href":"https:\/\/lucacastelli.com\/de\/wp-json\/wp\/v2\/types\/product"}],"wp:featuredmedia":[{"embeddable":true,"href":"https:\/\/lucacastelli.com\/de\/wp-json\/wp\/v2\/media\/625801"}],"wp:attachment":[{"href":"https:\/\/lucacastelli.com\/de\/wp-json\/wp\/v2\/media?parent=407664"}],"wp:term":[{"taxonomy":"product_brand","embeddable":true,"href":"https:\/\/lucacastelli.com\/de\/wp-json\/wp\/v2\/product_brand?post=407664"},{"taxonomy":"product_cat","embeddable":true,"href":"https:\/\/lucacastelli.com\/de\/wp-json\/wp\/v2\/product_cat?post=407664"},{"taxonomy":"product_tag","embeddable":true,"href":"https:\/\/lucacastelli.com\/de\/wp-json\/wp\/v2\/product_tag?post=407664"}],"curies":[{"name":"wp","href":"https:\/\/api.w.org\/{rel}","templated":true}]}}