{"id":407616,"date":"2023-06-13T07:52:45","date_gmt":"2023-06-13T05:52:45","guid":{"rendered":"https:\/\/lucacastelli.com\/prodotto\/la-sportiva-aequilibrium-speed-gtx\/"},"modified":"2025-12-04T11:42:53","modified_gmt":"2025-12-04T10:42:53","slug":"la-sportiva-aequilibrium-speed-gtx","status":"publish","type":"product","link":"https:\/\/lucacastelli.com\/de\/produkt\/la-sportiva-aequilibrium-speed-gtx\/","title":{"rendered":"LA SPORTIVA Aequilibrium Speed GTX"},"content":{"rendered":"<p>Der Aequilibrium Speed Gtx ist ein Bergsteigerschuh f\u00fcr Herren von La Sportiva.<\/p>\n<p>Die Aequilibrium-Reihe wurde entwickelt, um auf eine neue Praxis des Bergsteigens mit technischen Produkten zu reagieren, die jedoch leicht sind, um schneller voranzukommen.<\/p>\n<p>In dieser Version stellt Aequilibrium Speed Gtx die perfekte Balance zwischen Leistung und Leichtigkeit dar. Es verf\u00fcgt \u00fcber eine wasserabweisende Au\u00dfengamasche aus widerstandsf\u00e4higem Stretchgewebe mit innenliegendem Zwickel. Unter dieser Gamasche sorgt ein mit GORE-TEX gef\u00fcttertes Innenfutter f\u00fcr Komfort, Atmungsaktivit\u00e4t und Wasserdichtigkeit. Das integrierte Polster in der Gamasche sch\u00fctzt den Kn\u00f6chel und die ergonomische Form der Schuhkonstruktion umschlie\u00dft den Fu\u00df gut, um das Innenvolumen anzupassen und f\u00fcr mehr Pr\u00e4zision zu sorgen. Dieser Innenschuh verf\u00fcgt \u00fcber ein 100% recyceltes Quick-Lace-Schnellschn\u00fcrsystem, das eine pr\u00e4zise und praktische Anpassung erm\u00f6glicht, wo immer Sie sind.    <\/p>\n<p>Die Sohle hat einen sch\u00fctzenden Rand mit einer transparenten PU-Pannenschutzfolie f\u00fcr mehr Leichtigkeit und TPU-Eins\u00e4tze im hinteren Bereich der Ferse, die mit halbautomatischen Steigeisen kompatibel sind. Um die Bewegung des Fu\u00dfes zu erleichtern, verf\u00fcgt die Sohle \u00fcber eine Wippe vorne, aber auch \u00fcber eine spezielle Double Heel\u2122 Konstruktion im Fersenbereich. Diese Technologie besteht darin, den Wulst in zwei Teile zu trennen, um den Fahrkomfort zu optimieren, aber auch die Bremseigenschaften bei Bergabfahrten zu verbessern. Abgerundet wird das Ganze durch einen Vibram-Griff\u00ae und ein Impact Brake System.   <\/p>\n<p>Mit dem Aequilibrium Speed GTX bietet dir La Sportiva einen robusten und leichten Schuh, der sich ideal zum Klettern in schwierigem Gel\u00e4nde und bei hoher Geschwindigkeit eignet.<\/p>\n","protected":false},"excerpt":{"rendered":"<p>Der Aequilibrium Speed Gtx ist ein Bergsteigerschuh f\u00fcr Herren von La Sportiva. Die Aequilibrium-Reihe wurde entwickelt, um auf eine neue<\/p>\n","protected":false},"featured_media":91707,"template":"","meta":{"_seopress_robots_primary_cat":"","_seopress_titles_title":"","_seopress_titles_desc":"","_seopress_robots_index":""},"product_brand":[3649],"product_cat":[175,1419,1431],"product_tag":[],"class_list":{"0":"post-407616","1":"product","2":"type-product","3":"status-publish","4":"has-post-thumbnail","6":"product_brand-la-sportiva-de","7":"product_cat-schuhe","8":"product_cat-freizeitschuhe","9":"product_cat-herrenschuhe","11":"first","12":"instock","13":"shipping-taxable","14":"purchasable","15":"product-type-variable"},"_links":{"self":[{"href":"https:\/\/lucacastelli.com\/de\/wp-json\/wp\/v2\/product\/407616","targetHints":{"allow":["GET"]}}],"collection":[{"href":"https:\/\/lucacastelli.com\/de\/wp-json\/wp\/v2\/product"}],"about":[{"href":"https:\/\/lucacastelli.com\/de\/wp-json\/wp\/v2\/types\/product"}],"wp:featuredmedia":[{"embeddable":true,"href":"https:\/\/lucacastelli.com\/de\/wp-json\/wp\/v2\/media\/91707"}],"wp:attachment":[{"href":"https:\/\/lucacastelli.com\/de\/wp-json\/wp\/v2\/media?parent=407616"}],"wp:term":[{"taxonomy":"product_brand","embeddable":true,"href":"https:\/\/lucacastelli.com\/de\/wp-json\/wp\/v2\/product_brand?post=407616"},{"taxonomy":"product_cat","embeddable":true,"href":"https:\/\/lucacastelli.com\/de\/wp-json\/wp\/v2\/product_cat?post=407616"},{"taxonomy":"product_tag","embeddable":true,"href":"https:\/\/lucacastelli.com\/de\/wp-json\/wp\/v2\/product_tag?post=407616"}],"curies":[{"name":"wp","href":"https:\/\/api.w.org\/{rel}","templated":true}]}}