{"id":407568,"date":"2026-03-02T11:32:28","date_gmt":"2026-03-02T10:32:28","guid":{"rendered":"https:\/\/lucacastelli.com\/prodotto\/la-sportiva-aequilibrium-st-gtx\/"},"modified":"2026-03-02T14:45:39","modified_gmt":"2026-03-02T13:45:39","slug":"la-sportiva-aequilibrium-st-gtx","status":"publish","type":"product","link":"https:\/\/lucacastelli.com\/de\/produkt\/la-sportiva-aequilibrium-st-gtx\/","title":{"rendered":"LA SPORTIVA Aequilibrium ST GTX"},"content":{"rendered":"<p>Ultraleichter technischer Wanderschuh, ideal f\u00fcr Klettersteige, Trekking, Gletscher\u00fcberquerungen und kombiniertes Gel\u00e4nde.<\/p>\n<p>BESCHREIBUNG<br \/>\nDer Aequilibrium ST GTX ist ein leichter technischer Bergschuh, ideal f\u00fcr Klettersteige, Trekking sowie Gletscher- und Mixed-Touren. H\u00f6chster Tragekomfort dank der Zunge mit integriertem Faltenbalg und der weichen Gamasche am Kragen. Au\u00dfergew\u00f6hnliche Geheigenschaften dank der innovativen Double Heel\u2122-Fersenkonstruktion: Die ausgepr\u00e4gte Doppelstollen-Geometrie hinten verst\u00e4rkt die Bremswirkung beim Abstieg und erm\u00f6glicht ein fl\u00fcssigeres Abrollen, was die Muskelerm\u00fcdung reduziert. Langlebigkeit und Leichtigkeit harmonieren perfekt dank der neuen Sohlen-\/Zwischensohleneinheit mit externer Rubber Guard\u2122-Schalenkonstruktion und internem Schaumstoff f\u00fcr verbesserte D\u00e4mpfung und Leichtigkeit durch weniger Gummischichten. Die ergonomische Passform ist pr\u00e4zise und umschlie\u00dfend, mit integrierten TPU-Schalen an Spitze und Ferse zur Verst\u00e4rkung des Schafts. Das 3D Flex System Evo\u2122-Gelenk mit geformtem Kn\u00f6chel und Abriebschutz erm\u00f6glicht eine bessere Trittkontrolle und perfekte Beweglichkeit des Sprunggelenks. Die kleine Gamasche an der Schn\u00fcrung vorne sch\u00fctzt vor Abrieb. Die Zwischensohle ist bedingt steigeisenfest, die Au\u00dfensohle nutzt ein Vibram\u00ae SpringLug Tech-Profil mit Impact Brake System-Stollen f\u00fcr bessere Anpassung an harten Fels. Alpinismus in perfekter Harmonie.        <\/p>\n<p>Schaft:<br \/>\nWasserabweisendes, hochfestes Nylon 60,6 mit Honey Comb Guard-Abriebschutzzonen<\/p>\n<p>Futter:<br \/>\nGore-Tex Performance Comfort<\/p>\n<p>Einlegesohle:<br \/>\n Carbongef\u00fclltes Nylon<\/p>\n<p>Zwischensohle:<br \/>\n Keine<\/p>\n<p>Sohle:<br \/>\nVibram\u00ae SpringLug Tech-Gummiprofil und PU-Schaum innen<\/p>\n<p>Gewicht:<br \/>\n630 g (1\/2 Paar)<\/p>\n","protected":false},"excerpt":{"rendered":"<p>Ultraleichter technischer Wanderschuh, ideal f\u00fcr Klettersteige, Trekking, Gletscher\u00fcberquerungen und kombiniertes Gel\u00e4nde. BESCHREIBUNG Der Aequilibrium ST GTX ist ein leichter technischer<\/p>\n","protected":false},"featured_media":762337,"template":"","meta":{"_seopress_robots_primary_cat":"none","_seopress_titles_title":"","_seopress_titles_desc":"","_seopress_robots_index":""},"product_brand":[3649],"product_cat":[175,1419,1431],"product_tag":[],"class_list":{"0":"post-407568","1":"product","2":"type-product","3":"status-publish","4":"has-post-thumbnail","6":"product_brand-la-sportiva-de","7":"product_cat-schuhe","8":"product_cat-freizeitschuhe","9":"product_cat-herrenschuhe","10":"sws-gruppo-abb-libero-de","11":"sws-conto-ricavi-merci-rivendita-abbigliamento-de","12":"sws-gruppo-iva-iva81-de","14":"first","15":"instock","16":"shipping-taxable","17":"purchasable","18":"product-type-variable","19":"has-default-attributes"},"_links":{"self":[{"href":"https:\/\/lucacastelli.com\/de\/wp-json\/wp\/v2\/product\/407568","targetHints":{"allow":["GET"]}}],"collection":[{"href":"https:\/\/lucacastelli.com\/de\/wp-json\/wp\/v2\/product"}],"about":[{"href":"https:\/\/lucacastelli.com\/de\/wp-json\/wp\/v2\/types\/product"}],"wp:featuredmedia":[{"embeddable":true,"href":"https:\/\/lucacastelli.com\/de\/wp-json\/wp\/v2\/media\/762337"}],"wp:attachment":[{"href":"https:\/\/lucacastelli.com\/de\/wp-json\/wp\/v2\/media?parent=407568"}],"wp:term":[{"taxonomy":"product_brand","embeddable":true,"href":"https:\/\/lucacastelli.com\/de\/wp-json\/wp\/v2\/product_brand?post=407568"},{"taxonomy":"product_cat","embeddable":true,"href":"https:\/\/lucacastelli.com\/de\/wp-json\/wp\/v2\/product_cat?post=407568"},{"taxonomy":"product_tag","embeddable":true,"href":"https:\/\/lucacastelli.com\/de\/wp-json\/wp\/v2\/product_tag?post=407568"}],"curies":[{"name":"wp","href":"https:\/\/api.w.org\/{rel}","templated":true}]}}