{"id":407525,"date":"2023-07-26T05:44:59","date_gmt":"2023-07-26T03:44:59","guid":{"rendered":"https:\/\/lucacastelli.com\/prodotto\/la-sportiva-aequilibrium-lt-frau-gtx\/"},"modified":"2026-04-14T03:31:11","modified_gmt":"2026-04-14T01:31:11","slug":"la-sportiva-aequilibrium-lt-frau-gtx","status":"publish","type":"product","link":"https:\/\/lucacastelli.com\/de\/produkt\/la-sportiva-aequilibrium-lt-frau-gtx\/","title":{"rendered":"La Sportiva Aequilibrium LT Woman GTX"},"content":{"rendered":"<p>Technischer Bergstiefel, ideal f\u00fcr Rucksacktouren und mehrt\u00e4gige Wanderungen in gro\u00dfer H\u00f6he.<\/p>\n<p>BESCHREIBUNG<br \/>\nAequilibrium LT GTX ist der alpine Trekkingstiefel f\u00fcr schwere Lasten, ideal f\u00fcr Rucksacktouren und mehrt\u00e4gige Wanderungen in gro\u00dfer H\u00f6he. Au\u00dfergew\u00f6hnliche Gehf\u00e4higkeit dank der innovativen Double Heel\u2122-Fersenkonstruktion: Die stark ausgepr\u00e4gte hintere Doppelblock-Geometrie erh\u00f6ht die Bremswirkung beim Abstieg und erm\u00f6glicht ein fl\u00fcssigeres Abrollen bei reduzierter Muskelerm\u00fcdung. Langlebigkeit und Leichtigkeit vereinen sich harmonisch dank des neuen Sohlen-\/Zwischensohlensystems mit \u00e4u\u00dferer Rubber Guard\u2122-Schalenkonstruktion und innerem Schaummaterial f\u00fcr verst\u00e4rkte D\u00e4mpfung und Gewichtsersparnis durch reduzierten Gummischichteneinsatz. Die Form ist ergonomisch: umschlie\u00dfend und pr\u00e4zise, mit integrierten TPU-Schalen an Spitze und Ferse zur Verst\u00e4rkung des Schafts. Das 3D Flex System Evo\u2122-Richtungsgelenk mit geformtem Kn\u00f6chel und Abriebfestigkeit erm\u00f6glicht bessere Auftrittskontrolle und perfekte Kn\u00f6chelbeweglichkeit. Vibram\u00ae SpringLug Tech-Profil mit Impact Brake System-Stollen f\u00fcr bessere Anpassung an h\u00e4rteste Felsoberfl\u00e4chen.     <\/p>\n<p>Schaft:<br \/>\nNubuk + abriebfest, Gewebeeins\u00e4tze<br \/>\nFutter:<br \/>\nGORE-TEX Performance Comfort<br \/>\nEinlegesohle:<br \/>\nGlasfaserverst\u00e4rktes Nylon<br \/>\nZwischensohle:<br \/>\nKeine<br \/>\nAu\u00dfensohle:<br \/>\nVibram\u00ae SpringLug Tech-Gummi und PU-Schaum-Innenbeschichtung<br \/>\nGewicht:<br \/>\n525 g (einzelner Schuh)<\/p>\n","protected":false},"excerpt":{"rendered":"<p>Technischer Bergstiefel, ideal f\u00fcr Rucksacktouren und mehrt\u00e4gige Wanderungen in gro\u00dfer H\u00f6he. BESCHREIBUNG Aequilibrium LT GTX ist der alpine Trekkingstiefel f\u00fcr<\/p>\n","protected":false},"featured_media":92873,"template":"","meta":{"_seopress_robots_primary_cat":"none","_seopress_titles_title":"","_seopress_titles_desc":"","_seopress_robots_index":""},"product_brand":[3649],"product_cat":[175,1419,1430],"product_tag":[],"class_list":{"0":"post-407525","1":"product","2":"type-product","3":"status-publish","4":"has-post-thumbnail","6":"product_brand-la-sportiva-de","7":"product_cat-schuhe","8":"product_cat-freizeitschuhe","9":"product_cat-damen-schuhe","11":"first","12":"instock","13":"shipping-taxable","14":"purchasable","15":"product-type-variable"},"_links":{"self":[{"href":"https:\/\/lucacastelli.com\/de\/wp-json\/wp\/v2\/product\/407525","targetHints":{"allow":["GET"]}}],"collection":[{"href":"https:\/\/lucacastelli.com\/de\/wp-json\/wp\/v2\/product"}],"about":[{"href":"https:\/\/lucacastelli.com\/de\/wp-json\/wp\/v2\/types\/product"}],"wp:featuredmedia":[{"embeddable":true,"href":"https:\/\/lucacastelli.com\/de\/wp-json\/wp\/v2\/media\/92873"}],"wp:attachment":[{"href":"https:\/\/lucacastelli.com\/de\/wp-json\/wp\/v2\/media?parent=407525"}],"wp:term":[{"taxonomy":"product_brand","embeddable":true,"href":"https:\/\/lucacastelli.com\/de\/wp-json\/wp\/v2\/product_brand?post=407525"},{"taxonomy":"product_cat","embeddable":true,"href":"https:\/\/lucacastelli.com\/de\/wp-json\/wp\/v2\/product_cat?post=407525"},{"taxonomy":"product_tag","embeddable":true,"href":"https:\/\/lucacastelli.com\/de\/wp-json\/wp\/v2\/product_tag?post=407525"}],"curies":[{"name":"wp","href":"https:\/\/api.w.org\/{rel}","templated":true}]}}