{"id":403468,"date":"2025-02-27T12:27:11","date_gmt":"2025-02-27T11:27:11","guid":{"rendered":"https:\/\/lucacastelli.com\/prodotto\/arbortec-breatheflex-pro-schnittschutzhose-2\/"},"modified":"2025-10-01T12:04:23","modified_gmt":"2025-10-01T10:04:23","slug":"arbortec-breatheflex-pro-schnittschutzhose-2","status":"publish","type":"product","link":"https:\/\/lucacastelli.com\/de\/produkt\/arbortec-breatheflex-pro-schnittschutzhose-2\/","title":{"rendered":"ARBORTEC BREATHEFLEX PRO SCHNITTSCHUTZSCHLAUCH"},"content":{"rendered":"<p>PRODUKTBESCHREIBUNG: Bei der Breatheflex Pro Pants<br \/>\n dreht sich alles um Gewicht und Leistung. Dank des hochfesten Polymers k\u00f6nnen wir garantieren, dass diese Hose Sie gut sch\u00fctzt und Ihnen dennoch die Flexibilit\u00e4t bietet, die Sie ben\u00f6tigen, um sich am Arbeitsplatz und in den Baumkronen mit Leichtigkeit zu bewegen. <\/p>\n<p>Die Hose verf\u00fcgt \u00fcber einen unglaublich strapazierf\u00e4higen, abriebfesten Einsatz auf der Vorderseite und am Kn\u00f6chel. Das Material ist mit Kevlar-Fasern gewebt, die es extrem widerstandsf\u00e4hig gegen St\u00f6\u00dfe und Kratzer an B\u00e4umen und allt\u00e4glichen Abf\u00e4llen machen. <\/p>\n<p>Der Schritt besteht aus Kevlar, um Risse zu vermeiden, und einem unglaublich elastischen Stoff, der maximale Bewegungsfreiheit und Flexibilit\u00e4t am Schaft erm\u00f6glicht.<\/p>\n<p>Basierend auf Kundenfeedback verf\u00fcgt die Hose jetzt \u00fcber ein BRANDNEUES Innenfutter, das un\u00fcbertroffenen Komfort bietet und keine S\u00e4gesp\u00e4ne oder Beinhaare mehr im Material in den Hosenbeinen einschlie\u00dft.<\/p>\n<p>EIGENSCHAFTEN UND VORTEILE:<br \/>\nVerstellbarer G\u00fcrtel.<br \/>\nNierenschutz auf der R\u00fcckseite der Hose f\u00fcr Hosentr\u00e4ger.<br \/>\nElastische Haken unten an der Hose, um sie an den Schn\u00fcrsenkeln zu befestigen.<br \/>\nYKK-Rei\u00dfverschl\u00fcsse an allen Taschen mit versiegelten N\u00e4hten.<br \/>\nBel\u00fcftungs\u00f6ffnungen auf der R\u00fcckseite der Hose (nur Modell A).<br \/>\nErh\u00e4ltlich in verschiedenen Farben.<br \/>\nHose Modell A (Schnittschutz nur auf der Vorderseite der Beine) Schutz ist Klasse 1 (20 m\/s). EN381-5 Klasse 1 (20 m\/s) Modell A.<br \/>\nErh\u00e4ltlich mit kurzem und langem Bein. <\/p>\n","protected":false},"excerpt":{"rendered":"<p>PRODUKTBESCHREIBUNG: Bei der Breatheflex Pro Pants dreht sich alles um Gewicht und Leistung. Dank des hochfesten Polymers k\u00f6nnen wir garantieren,<\/p>\n","protected":false},"featured_media":403465,"template":"","meta":{"_seopress_robots_primary_cat":"","_seopress_titles_title":"","_seopress_titles_desc":"","_seopress_robots_index":""},"product_brand":[3611],"product_cat":[1382,82],"product_tag":[5804],"class_list":{"0":"post-403468","1":"product","2":"type-product","3":"status-publish","4":"has-post-thumbnail","6":"product_brand-arbortec-de-2","7":"product_cat-arbeitskleidung","8":"product_cat-kleidung","9":"product_tag-luzern2025","10":"sws-gruppo-abb-libero-de","11":"sws-categoria-sito-de","12":"sws-conto-ricavi-merci-rivendita-abbigliamento-de","13":"sws-gruppo-iva-iva81-de","15":"first","16":"instock","17":"shipping-taxable","18":"purchasable","19":"product-type-variable"},"_links":{"self":[{"href":"https:\/\/lucacastelli.com\/de\/wp-json\/wp\/v2\/product\/403468","targetHints":{"allow":["GET"]}}],"collection":[{"href":"https:\/\/lucacastelli.com\/de\/wp-json\/wp\/v2\/product"}],"about":[{"href":"https:\/\/lucacastelli.com\/de\/wp-json\/wp\/v2\/types\/product"}],"wp:featuredmedia":[{"embeddable":true,"href":"https:\/\/lucacastelli.com\/de\/wp-json\/wp\/v2\/media\/403465"}],"wp:attachment":[{"href":"https:\/\/lucacastelli.com\/de\/wp-json\/wp\/v2\/media?parent=403468"}],"wp:term":[{"taxonomy":"product_brand","embeddable":true,"href":"https:\/\/lucacastelli.com\/de\/wp-json\/wp\/v2\/product_brand?post=403468"},{"taxonomy":"product_cat","embeddable":true,"href":"https:\/\/lucacastelli.com\/de\/wp-json\/wp\/v2\/product_cat?post=403468"},{"taxonomy":"product_tag","embeddable":true,"href":"https:\/\/lucacastelli.com\/de\/wp-json\/wp\/v2\/product_tag?post=403468"}],"curies":[{"name":"wp","href":"https:\/\/api.w.org\/{rel}","templated":true}]}}