{"id":403395,"date":"2025-02-26T17:44:50","date_gmt":"2025-02-26T16:44:50","guid":{"rendered":"https:\/\/lucacastelli.com\/prodotto\/helly-hansen-herren-paramount-softshell-jacke\/"},"modified":"2025-06-29T09:52:59","modified_gmt":"2025-06-29T07:52:59","slug":"helly-hansen-herren-paramount-softshell-jacke","status":"publish","type":"product","link":"https:\/\/lucacastelli.com\/de\/produkt\/helly-hansen-herren-paramount-softshell-jacke\/","title":{"rendered":"Helly Hansen Herren Paramount Softshell Jacke"},"content":{"rendered":"<div class=\"productDetailsSection_productDescriptionSection__FDg0y\">\n<div class=\"productDescription_productDescription__sJIE6\" data-mt-type=\"product-description\">\n<div class=\"richtext_wrapper__lJjZg productDescription_productDescriptionContent__0A3VB\">Diese warme, flexible und atmungsaktive multifunktionale Softshelljacke hat ein Fleecefutter im R\u00fccken und sch\u00fctzt vor den Elementen. Diese Jacke ist ein bluesign-zertifiziertes\u00ae Produkt und wird aus recyceltem Material hergestellt. Weitere Informationen finden Sie in der Zusammensetzung.  <\/div>\n<\/div>\n<\/div>\n<div class=\"productCollapseSection_productCollapseSection__6fb5x\">\n<div class=\"productCollapseSection_productCollapseSectionTitle__1Vh_4\">\n<h2 class=\"heading_default__PX0IL heading_style--h3__KKzhL\">Vor- und Nachteile<\/h2>\n<\/div>\n<div class=\"productCollapseSection_productCollapseSectionContent__VJCb7\">\n<div class=\"productDetails_productDetails__g_C4N\">\n<p>Ballaststoffgehalt:<\/p>\n<div class=\"richtext_wrapper__lJjZg blocks_root__vE_15\">Obermaterial: 90% Polyester (recycelt), 10% Elasthan<\/div>\n<p>Pflegehinweise:<\/p>\n<div class=\"richtext_wrapper__lJjZg blocks_root__vE_15\">Haken und \u00d6sen vor dem Waschen schlie\u00dfen. Schlie\u00dfen Sie die Rei\u00dfverschl\u00fcsse vor dem Waschen. Verwenden Sie keinen Weichsp\u00fcler. Sofort aus der Waschmaschine nehmen. Helle Farben k\u00f6nnen sich leicht verf\u00e4rben. Separat waschen.     <\/div>\n<div class=\"productDetails_productDetailsCols__K1qqI\">\n<div class=\"productDetails_productDetailsRow__bHp5_\">\n<div class=\"blocks_mobileInlineWrapper__N_Soc\">Gewicht: 1g<\/div>\n<\/div>\n<\/div>\n<\/div>\n<\/div>\n<\/div>\n<div class=\"productCollapseSection_productCollapseSection__6fb5x productFeatures_root__BqPE9 productFeatures_twoColumnsList__vArq2\">\n<div class=\"productCollapseSection_productCollapseSectionTitle__1Vh_4\">\n<h2 class=\"heading_default__PX0IL heading_style--h3__KKzhL\">Merkmal<\/h2>\n<\/div>\n<div class=\"productCollapseSection_productCollapseSectionContent__VJCb7\">\n<ul>\n<li>YKK-Rei\u00dfverschluss\u00ae<\/li>\n<li>Wasserdicht, strapazierf\u00e4hig, winddicht und atmungsaktiv<\/li>\n<li>Bequemes und leichtes Softshell-Gewebe mit Membran<\/li>\n<li>Fleece-R\u00fccken<\/li>\n<li>Durchgehender YKK-Rei\u00dfverschluss\u00ae vorne<\/li>\n<li>Verstellbare \u00c4rmelb\u00fcndchen<\/li>\n<li>YKK-Rei\u00dfverschlusstaschen\u00ae f\u00fcr die H\u00e4nde<\/li>\n<li>Brusttasche mit YKK-Rei\u00dfverschluss\u00ae<\/li>\n<li>Kinn<\/li>\n<li>\u00ae HH-Logo auf dem \u00c4rmel gedruckt<\/li>\n<li>Kragen aus geb\u00fcrstetem Trikot innen<\/li>\n<li>bluesign\u00ae Produkt<\/li>\n<li>PFC-frei<\/li>\n<li>Recycelter Inhalt<\/li>\n<\/ul>\n<\/div>\n<\/div>\n","protected":false},"excerpt":{"rendered":"<p>Diese warme, flexible und atmungsaktive multifunktionale Softshelljacke hat ein Fleecefutter im R\u00fccken und sch\u00fctzt vor den Elementen. Diese Jacke ist<\/p>\n","protected":false},"featured_media":403355,"template":"","meta":{"_seopress_robots_primary_cat":"","_seopress_titles_title":"","_seopress_titles_desc":"","_seopress_robots_index":""},"product_brand":[3645],"product_cat":[82,974,975,1409,1703],"product_tag":[],"class_list":{"0":"post-403395","1":"product","2":"type-product","3":"status-publish","4":"has-post-thumbnail","6":"product_brand-helly-hansen-de","7":"product_cat-kleidung","8":"product_cat-freizeitkleidung","9":"product_cat-herrenbekleidung","10":"product_cat-freizeitausrustung","11":"product_cat-sonstiges","12":"sws-gruppo-abb-libero-de","13":"sws-categoria-abbigliamento-da-lavoro-de","14":"sws-sottocategoria-abbigliamento-da-uomo-de","15":"sws-marca-helly-hansen-de","16":"sws-conto-ricavi-merci-rivendita-abbigliamento-de","17":"sws-gruppo-iva-iva81-de","19":"first","20":"instock","21":"shipping-taxable","22":"purchasable","23":"product-type-variable"},"_links":{"self":[{"href":"https:\/\/lucacastelli.com\/de\/wp-json\/wp\/v2\/product\/403395","targetHints":{"allow":["GET"]}}],"collection":[{"href":"https:\/\/lucacastelli.com\/de\/wp-json\/wp\/v2\/product"}],"about":[{"href":"https:\/\/lucacastelli.com\/de\/wp-json\/wp\/v2\/types\/product"}],"wp:featuredmedia":[{"embeddable":true,"href":"https:\/\/lucacastelli.com\/de\/wp-json\/wp\/v2\/media\/403355"}],"wp:attachment":[{"href":"https:\/\/lucacastelli.com\/de\/wp-json\/wp\/v2\/media?parent=403395"}],"wp:term":[{"taxonomy":"product_brand","embeddable":true,"href":"https:\/\/lucacastelli.com\/de\/wp-json\/wp\/v2\/product_brand?post=403395"},{"taxonomy":"product_cat","embeddable":true,"href":"https:\/\/lucacastelli.com\/de\/wp-json\/wp\/v2\/product_cat?post=403395"},{"taxonomy":"product_tag","embeddable":true,"href":"https:\/\/lucacastelli.com\/de\/wp-json\/wp\/v2\/product_tag?post=403395"}],"curies":[{"name":"wp","href":"https:\/\/api.w.org\/{rel}","templated":true}]}}