{"id":403393,"date":"2025-02-25T21:22:40","date_gmt":"2025-02-25T20:22:40","guid":{"rendered":"https:\/\/lucacastelli.com\/prodotto\/petzl-paw-s\/"},"modified":"2025-06-29T02:21:54","modified_gmt":"2025-06-29T00:21:54","slug":"petzl-paw-s","status":"publish","type":"product","link":"https:\/\/lucacastelli.com\/de\/produkt\/petzl-paw-s\/","title":{"rendered":"PETZL PAW S"},"content":{"rendered":"<h3>Detaillierte Beschreibung<\/h3>\n<div class=\"list\">\n<ul>\n<li>Drei Ankerl\u00f6cher.<\/li>\n<li>N\u00fctzlich zum Ausgleich von Kr\u00e4ften.<\/li>\n<li>Leicht und robust: aus Aluminium.<\/li>\n<\/ul>\n<\/div>\n<h3>Spezifisch<\/h3>\n<div class=\"list\">\n<ul>\n<li>Gewicht: 60 g<\/li>\n<li>Zugfestigkeit: 36 kN<\/li>\n<li>Materialien: Aluminium<\/li>\n<li>Zertifizierung(en): CE, NFPA 2500 Allgemeine Verwendung<\/li>\n<\/ul>\n<\/div>\n<table>\n<tbody>\n<tr>\n<th class=\"rowTitle\">Artikelnummern<\/th>\n<th>G063AA00<\/th>\n<\/tr>\n<tr>\n<td class=\"rowTitle\">Garantie<\/td>\n<td>3 Jahre<\/td>\n<\/tr>\n<tr>\n<td class=\"rowTitle\">Verpackung<\/td>\n<td>1<\/td>\n<\/tr>\n<\/tbody>\n<\/table>\n","protected":false},"excerpt":{"rendered":"<p>Detaillierte Beschreibung Drei Ankerl\u00f6cher. N\u00fctzlich zum Ausgleich von Kr\u00e4ften. Leicht und robust: aus Aluminium. Spezifisch Gewicht: 60 g Zugfestigkeit: 36<\/p>\n","protected":false},"featured_media":103102,"template":"","meta":{"_seopress_robots_primary_cat":"","_seopress_titles_title":"","_seopress_titles_desc":"","_seopress_robots_index":""},"product_brand":[3666],"product_cat":[150,1396,1403],"product_tag":[],"class_list":{"0":"post-403393","1":"product","2":"type-product","3":"status-publish","4":"has-post-thumbnail","6":"product_brand-petzl-de","7":"product_cat-ausrustung","8":"product_cat-arbeitsausrustung","9":"product_cat-auffanggurte-und-sicherheitsausrustung","10":"sws-gruppo-no-gruppo-de","11":"sws-categoria-sito-de","12":"sws-conto-ricavi-merci-rivendita-abbigliamento-de","13":"sws-gruppo-iva-iva81-de","15":"first","16":"instock","17":"shipping-taxable","18":"purchasable","19":"product-type-simple"},"_links":{"self":[{"href":"https:\/\/lucacastelli.com\/de\/wp-json\/wp\/v2\/product\/403393","targetHints":{"allow":["GET"]}}],"collection":[{"href":"https:\/\/lucacastelli.com\/de\/wp-json\/wp\/v2\/product"}],"about":[{"href":"https:\/\/lucacastelli.com\/de\/wp-json\/wp\/v2\/types\/product"}],"wp:featuredmedia":[{"embeddable":true,"href":"https:\/\/lucacastelli.com\/de\/wp-json\/wp\/v2\/media\/103102"}],"wp:attachment":[{"href":"https:\/\/lucacastelli.com\/de\/wp-json\/wp\/v2\/media?parent=403393"}],"wp:term":[{"taxonomy":"product_brand","embeddable":true,"href":"https:\/\/lucacastelli.com\/de\/wp-json\/wp\/v2\/product_brand?post=403393"},{"taxonomy":"product_cat","embeddable":true,"href":"https:\/\/lucacastelli.com\/de\/wp-json\/wp\/v2\/product_cat?post=403393"},{"taxonomy":"product_tag","embeddable":true,"href":"https:\/\/lucacastelli.com\/de\/wp-json\/wp\/v2\/product_tag?post=403393"}],"curies":[{"name":"wp","href":"https:\/\/api.w.org\/{rel}","templated":true}]}}