{"id":444795,"date":"2025-06-02T13:11:18","date_gmt":"2025-06-02T11:11:18","guid":{"rendered":"https:\/\/lucacastelli.com\/abdruck\/"},"modified":"2025-12-17T08:55:45","modified_gmt":"2025-12-17T07:55:45","slug":"abdruck","status":"publish","type":"page","link":"https:\/\/lucacastelli.com\/de\/abdruck\/","title":{"rendered":"Abdruck"},"content":{"rendered":"\n<p id=\"wd-eab70a0e\" class=\"wp-block-wd-paragraph\"><strong>Inhaber der Website und der Inhalte:<\/strong> <br\/>Luca Castelli SA Via San Gottardo 28 CH-6532 Castione Schweiz<\/p>\n\n<p id=\"wd-3b4e7892\" class=\"wp-block-wd-paragraph\"><strong>Kontakt:<\/strong> <br\/>E-Mail: media@lucacastellisa.ch<br\/>Telefon: +41 91 829 43 31<\/p>\n\n<p id=\"wd-433e7a9f\" class=\"wp-block-wd-paragraph\"><\/p>\n\n<p id=\"wd-3ef1076d\" class=\"wp-block-wd-paragraph\"><strong>Handelsregistereintrag:<\/strong><br\/>Unternehmens-Identifikationsnummer (UID): CHE-105.868.963 <br\/>Handelsregisteramt des Kantons Tessin<\/p>\n\n<p id=\"wd-35e53622\" class=\"wp-block-wd-paragraph\"><strong>Mehrwertsteuernummer (falls zutreffend):<\/strong><br\/>CHE-105.868.963 MWST<\/p>\n\n<p id=\"wd-fd18f4fb\" class=\"wp-block-wd-paragraph\"><strong>Haftungsausschluss:<\/strong> <br\/>Der Autor \u00fcbernimmt keinerlei Gew\u00e4hr f\u00fcr die Richtigkeit, Genauigkeit, Aktualit\u00e4t, Zuverl\u00e4ssigkeit und Vollst\u00e4ndigkeit der Informationen. Haftungsanspr\u00fcche gegen den Autor wegen Sch\u00e4den materieller oder immaterieller Art, welche aus dem Zugriff oder der Nutzung bzw. Nichtnutzung der ver\u00f6ffentlichten Informationen, durch Missbrauch der Verbindung oder durch technische St\u00f6rungen entstanden sind, werden ausgeschlossen. <\/p>\n\n<p id=\"wd-c395ff3e\" class=\"wp-block-wd-paragraph\"><strong>Haftung f\u00fcr Links:<\/strong><br\/> Verweise und Links auf Websites Dritter liegen au\u00dferhalb unseres Verantwortungsbereichs. Es wird jegliche Verantwortung f\u00fcr solche Websites abgelehnt. Der Zugriff und die Nutzung solcher Websites erfolgen auf eigene Gefahr des Nutzers.  <\/p>\n\n<p id=\"wd-7285d475\" class=\"wp-block-wd-paragraph\"><strong>Urheberrecht:<\/strong><br\/>Die Urheberrechte und alle anderen Rechte an Inhalten, Bildern, Fotos oder anderen Dateien auf der Website geh\u00f6ren ausschlie\u00dflich der Luca Castelli SA oder den ausdr\u00fccklich genannten Rechtsinhabern. F\u00fcr die Reproduktion jeglicher Elemente ist vorab die schriftliche Zustimmung der Urheberrechtsinhaber einzuholen. <\/p>\n","protected":false},"excerpt":{"rendered":"","protected":false},"author":1,"featured_media":0,"parent":0,"menu_order":502,"comment_status":"closed","ping_status":"closed","template":"","meta":{"_seopress_robots_primary_cat":"","_seopress_titles_title":"","_seopress_titles_desc":"","_seopress_robots_index":"","footnotes":""},"class_list":["post-444795","page","type-page","status-publish","hentry"],"_links":{"self":[{"href":"https:\/\/lucacastelli.com\/de\/wp-json\/wp\/v2\/pages\/444795","targetHints":{"allow":["GET"]}}],"collection":[{"href":"https:\/\/lucacastelli.com\/de\/wp-json\/wp\/v2\/pages"}],"about":[{"href":"https:\/\/lucacastelli.com\/de\/wp-json\/wp\/v2\/types\/page"}],"author":[{"embeddable":true,"href":"https:\/\/lucacastelli.com\/de\/wp-json\/wp\/v2\/users\/1"}],"replies":[{"embeddable":true,"href":"https:\/\/lucacastelli.com\/de\/wp-json\/wp\/v2\/comments?post=444795"}],"version-history":[{"count":2,"href":"https:\/\/lucacastelli.com\/de\/wp-json\/wp\/v2\/pages\/444795\/revisions"}],"predecessor-version":[{"id":665763,"href":"https:\/\/lucacastelli.com\/de\/wp-json\/wp\/v2\/pages\/444795\/revisions\/665763"}],"wp:attachment":[{"href":"https:\/\/lucacastelli.com\/de\/wp-json\/wp\/v2\/media?parent=444795"}],"curies":[{"name":"wp","href":"https:\/\/api.w.org\/{rel}","templated":true}]}}