{"id":403440,"date":"2025-02-03T10:06:35","date_gmt":"2025-02-03T09:06:35","guid":{"rendered":"https:\/\/lucacastelli.com\/datenschutz-und-cookies-richtlinie\/"},"modified":"2025-10-20T12:28:32","modified_gmt":"2025-10-20T10:28:32","slug":"datenschutz-und-cookies-richtlinie","status":"publish","type":"page","link":"https:\/\/lucacastelli.com\/de\/datenschutz-und-cookies-richtlinie\/","title":{"rendered":"Datenschutz und Cookies-Richtlinie"},"content":{"rendered":"\n<h3 id=\"wd-b1f4dc38\" class=\"wp-block-wd-title title\"><strong>Datenschutzbestimmungen<\/strong><\/h3>\n\n<p id=\"wd-9240d8a2\" class=\"wp-block-wd-paragraph\"><strong>1. Einleitung<\/strong><br\/>Luca Castelli SA mit Sitz in Via San Gottardo 28, CH-6532 Castione, Schweiz, verpflichtet sich, die Vertraulichkeit und Sicherheit der personenbezogenen Daten seiner Kunden, Nutzer und Mitarbeiter zu sch\u00fctzen. Diese Richtlinie wurde in \u00dcbereinstimmung mit dem Bundesgesetz \u00fcber den Datenschutz (nDSG) und der Verordnung (EU) 2016\/679 (DSGVO) erstellt, um die Transparenz bei der Verarbeitung personenbezogener Daten zu gew\u00e4hrleisten. <\/p>\n\n<p id=\"wd-9814b12f\" class=\"wp-block-wd-paragraph\"><strong>2. Verantwortlicher f\u00fcr die Datenverarbeitung<\/strong><br\/>Der Verantwortliche f\u00fcr die Datenverarbeitung ist:<br\/><strong>Luca Castelli SA<\/strong><br\/>Via San Gottardo 28, CH-6532 Castione<br\/>E-Mail: <a>media@lucacastellisa.ch<\/a><br\/>Telefon: +41 91 829 43 31<\/p>\n\n<p id=\"wd-5ff0ce04\" class=\"wp-block-wd-paragraph\"><strong>3. Arten der erhobenen Daten<\/strong><br\/>Wir verarbeiten die folgenden Kategorien personenbezogener Daten:<\/p>\n\n<ul class=\"wp-block-list\">\n<li><strong>Identifikations- und Kontaktdaten<\/strong> (Vorname, Nachname, Adresse, E-Mail, Telefon usw.), die freiwillig zur Verf\u00fcgung gestellt werden.<\/li>\n\n\n\n<li>Automatisch erfasste <strong>Browsing-Daten<\/strong> (IP-Adresse, Protokolldaten, Browser- und Ger\u00e4tetyp).<\/li>\n\n\n\n<li><strong>Sonstige Daten<\/strong> (z.B. Informationen, die in Anfragen, dem Abonnement von Newslettern oder Umfragen enthalten sind).<\/li>\n<\/ul>\n\n<p id=\"wd-501c9934\" class=\"wp-block-wd-paragraph\"><strong>4. Zwecke der Verarbeitung<\/strong><br\/>Personenbezogene Daten werden verarbeitet f\u00fcr:<\/p>\n\n<ul class=\"wp-block-list\">\n<li>Erbringung der angeforderten Dienstleistungen und Verwaltung des Vertragsverh\u00e4ltnisses.<\/li>\n\n\n\n<li>Um gesetzlichen und steuerlichen Verpflichtungen nachzukommen.<\/li>\n\n\n\n<li>Verbessern Sie Ihre Erfahrung bei der Nutzung der Website.<\/li>\n\n\n\n<li>Versenden Sie Werbemitteilungen nur mit Ihrer vorherigen ausdr\u00fccklichen Zustimmung.<\/li>\n<\/ul>\n\n<p id=\"wd-89af41e8\" class=\"wp-block-wd-paragraph\"><strong>5. Rechtsgrundlage der Verarbeitung<\/strong><br\/>Die Behandlung basiert auf:<\/p>\n\n<ul class=\"wp-block-list\">\n<li>Ausdr\u00fcckliche Einwilligung der betroffenen Person (Art. 6 Abs. 1 lit. a DSGVO).<\/li>\n\n\n\n<li>Erf\u00fcllung eines Vertrags (Buchstabe b).<\/li>\n\n\n\n<li>Gesetzliche Verpflichtungen (Buchstabe c).<\/li>\n\n\n\n<li>Berechtigtes Interesse (Buchstabe f), das mit den Rechten der betroffenen Personen abgewogen wird.<\/li>\n<\/ul>\n\n<p id=\"wd-96ab7f86\" class=\"wp-block-wd-paragraph\"><strong>6. Verarbeitungsmethoden und Sicherheitsma\u00dfnahmen<\/strong><br\/>Die Verarbeitung erfolgt mit elektronischen und manuellen Instrumenten und mit geeigneten technischen und organisatorischen Ma\u00dfnahmen, um die Sicherheit, Vertraulichkeit und Integrit\u00e4t der Daten zu gew\u00e4hrleisten.<\/p>\n\n<p id=\"wd-6970f348\" class=\"wp-block-wd-paragraph\"><strong>7. Datenaufbewahrung<\/strong><br\/>Die Daten werden f\u00fcr den Zeitraum aufbewahrt, der f\u00fcr die angegebenen Zwecke unbedingt erforderlich ist, oder f\u00fcr die Dauer, die durch gesetzliche Verpflichtungen und anwendbare Vorschriften vorgeschrieben ist. <strong>Insbesondere werden die f\u00fcr den Newsletter-Versand erhobenen Daten (wie die E-Mail-Adresse) bis zum Widerruf der Einwilligung durch die betroffene Person verarbeitet und gespeichert.<\/strong><\/p>\n\n<p id=\"wd-ba1097a6\" class=\"wp-block-wd-paragraph\"><strong>8. Kommunikation und Weitergabe von Daten<\/strong><br\/>Daten k\u00f6nnen geteilt werden mit:<\/p>\n\n<ul class=\"wp-block-list\">\n<li>Unsere technischen und professionellen Dienstleister (z. B. Plattformen f\u00fcr E-Mail-Marketing-Management, Cloud-Dienstleister, Berater), die in unserem Auftrag als Datenverarbeiter handeln<\/li>\n\n\n\n<li>Zust\u00e4ndige Beh\u00f6rden, sofern dies gesetzlich vorgeschrieben ist.<\/li>\n\n\n\n<li>Nicht-EU-\/EWR-Staaten nur, wenn sie ein angemessenes Schutzniveau gew\u00e4hrleisten (Angemessenheitsbeschl\u00fcsse oder Standardvertragsklauseln, Art. 46 DSGVO).<\/li>\n<\/ul>\n\n<p id=\"wd-dfd6b102\" class=\"wp-block-wd-paragraph\"><strong>9. Rechte der betroffenen Personen<\/strong><br\/>Gem\u00e4ss dem nDSG und der DSGVO hat die betroffene Person das Recht auf:<\/p>\n\n<ul class=\"wp-block-list\">\n<li>Greifen Sie auf Ihre Daten zu.<\/li>\n\n\n\n<li>Fordern Sie die Berichtigung oder L\u00f6schung an.<\/li>\n\n\n\n<li>Einschr\u00e4nkung der Verarbeitung oder Einspruch gegen die Verarbeitung.<\/li>\n\n\n\n<li>Empfangen Sie Daten in einem portablen Format.<\/li>\n\n\n\n<li><strong>Speziell in Bezug auf den Newsletter kann das Recht, die Einwilligung zu widerrufen, jederzeit und einfach \u00fcber den entsprechenden Abmeldelink (\u201eunsubscribe\u201c) ausge\u00fcbt werden, der sich am Ende jeder erhaltenen Werbemitteilung befindet.<\/strong><br\/>Anfragen sind an die Kontakte unter Punkt 2 zu richten.<\/li>\n<\/ul>\n\n<p id=\"wd-c9bdbc86\" class=\"wp-block-wd-paragraph\"><strong>10. \u00c4nderungen der Datenschutzerkl\u00e4rung<\/strong><br\/>Wir behalten uns das Recht vor, diese Richtlinie bei regulatorischen Anpassungen oder betrieblichen \u00c4nderungen zu aktualisieren. \u00c4nderungen werden auf der Website ver\u00f6ffentlicht. <\/p>\n\n<p id=\"wd-f9965b19\" class=\"wp-block-wd-paragraph\"><strong>11. Kontakt<\/strong><br\/>Bei Fragen oder zur Aus\u00fcbung Ihrer Rechte:<br\/><strong>Luca Castelli SA<\/strong><br\/>Via San Gottardo 28, CH-6532 Castione<br\/>E-Mail: <a>media@lucacastellisa.ch<\/a><br\/>Telefon: +41 91 829 43 31<\/p>\n\n<div id=\"wd-3bc9fe48\" class=\"wp-block-wd-divider wd-style-line\"><\/div>\n\n<h3 id=\"wd-da4f16bc\" class=\"wp-block-wd-title title\"><strong>Cookies-Richtlinie<\/strong><\/h3>\n\n<p id=\"wd-2e3aa997\" class=\"wp-block-wd-paragraph\"><strong>1. Einleitung<\/strong><br\/>Diese Richtlinie beschreibt die Verwendung von Cookies auf der Website von Luca Castelli SA in \u00dcbereinstimmung mit der schweizerischen Gesetzgebung und der Verordnung (EU) 2016\/679 (DSGVO), einschliesslich der ePrivacy-Richtlinien.<\/p>\n\n<p id=\"wd-3f3bd4cf\" class=\"wp-block-wd-paragraph\"><strong>2. Was sind Cookies?<\/strong><br\/>Cookies sind Textdateien, die eine Website an Ihren Browser sendet, um die Benutzererfahrung zu verbessern und statistische Daten zu sammeln.<\/p>\n\n<p id=\"wd-7632e3fc\" class=\"wp-block-wd-paragraph\"><strong>3. Verwendete Arten von Cookies<\/strong><\/p>\n\n<ul class=\"wp-block-list\">\n<li><strong>Technische Cookies<\/strong>: f\u00fcr den Betrieb der Website unerl\u00e4sslich.<\/li>\n\n\n\n<li><strong>Analytische Cookies<\/strong>: Sie sammeln aggregierte Informationen \u00fcber die Nutzung der Website (z. B. Google Analytics).<\/li>\n\n\n\n<li><strong>Marketing-\/Profiling-Cookies<\/strong>: werden verwendet, um Inhalte und Werbung zu personalisieren, vorbehaltlich der Einwilligung.<\/li>\n<\/ul>\n\n<p id=\"wd-46b8e405\" class=\"wp-block-wd-paragraph\"><strong>4. Cookie-Verwaltung<\/strong><br\/>Sie k\u00f6nnen:<\/p>\n\n<ul class=\"wp-block-list\">\n<li>Akzeptieren oder lehnen Sie einige oder alle Cookies ab.<\/li>\n\n\n\n<li>Konfigurieren Sie Ihre Einstellungen \u00fcber das Home-Banner oder die Browsereinstellungen.<\/li>\n\n\n\n<li>Sie k\u00f6nnen Ihre Einwilligung jederzeit widerrufen.<\/li>\n<\/ul>\n\n<p id=\"wd-b110f1da\" class=\"wp-block-wd-paragraph\"><strong>5. Einwilligung<\/strong><br\/>Die Zustimmung zur Verwendung von nicht notwendigen Cookies wird beim Zugriff \u00fcber Banner gem\u00e4\u00df der EU-Gesetzgebung eingeholt.<\/p>\n\n<p id=\"wd-2461b053\" class=\"wp-block-wd-paragraph\"><strong>6. \u00c4nderungen der Cookie-Richtlinie<\/strong><br\/>Alle Aktualisierungen werden umgehend auf der Website ver\u00f6ffentlicht.<\/p>\n\n<p id=\"wd-f9038fc3\" class=\"wp-block-wd-paragraph\"><strong>7. Kontakte<\/strong><br\/>F\u00fcr weitere Informationen:<br\/><strong>Luca Castelli SA<\/strong><br\/>Via San Gottardo 28, CH-6532 Castione<br\/>E-Mail: <a>media@lucacastellisa.ch<\/a><br\/>Telefon: +41 91 829 43 31<br\/><br\/>Insbesondere werden die f\u00fcr den Newsletter-Versand erhobenen Daten (wie die E-Mail-Adresse) bis zum Widerruf der Einwilligung durch die betroffene Person verarbeitet und gespeichert.<\/p>\n\n<p><\/p>\n","protected":false},"excerpt":{"rendered":"","protected":false},"author":1,"featured_media":0,"parent":0,"menu_order":520,"comment_status":"closed","ping_status":"closed","template":"","meta":{"_seopress_robots_primary_cat":"","_seopress_titles_title":"","_seopress_titles_desc":"","_seopress_robots_index":"","footnotes":""},"class_list":["post-403440","page","type-page","status-publish","hentry"],"_links":{"self":[{"href":"https:\/\/lucacastelli.com\/de\/wp-json\/wp\/v2\/pages\/403440","targetHints":{"allow":["GET"]}}],"collection":[{"href":"https:\/\/lucacastelli.com\/de\/wp-json\/wp\/v2\/pages"}],"about":[{"href":"https:\/\/lucacastelli.com\/de\/wp-json\/wp\/v2\/types\/page"}],"author":[{"embeddable":true,"href":"https:\/\/lucacastelli.com\/de\/wp-json\/wp\/v2\/users\/1"}],"replies":[{"embeddable":true,"href":"https:\/\/lucacastelli.com\/de\/wp-json\/wp\/v2\/comments?post=403440"}],"version-history":[{"count":0,"href":"https:\/\/lucacastelli.com\/de\/wp-json\/wp\/v2\/pages\/403440\/revisions"}],"wp:attachment":[{"href":"https:\/\/lucacastelli.com\/de\/wp-json\/wp\/v2\/media?parent=403440"}],"curies":[{"name":"wp","href":"https:\/\/api.w.org\/{rel}","templated":true}]}}