{"id":35116,"date":"2021-08-25T07:26:28","date_gmt":"2021-08-25T05:26:28","guid":{"rendered":"https:\/\/lucacastelli.com\/?page_id=35116"},"modified":"2026-04-18T21:04:36","modified_gmt":"2026-04-18T19:04:36","slug":"presentazione","status":"publish","type":"page","link":"https:\/\/lucacastelli.com\/de\/presentazione\/","title":{"rendered":"\u00dcber uns"},"content":{"rendered":"\n<div id=\"wd-71e73bf2\" class=\"wp-block-wd-section\">\n<div id=\"wd-5ca05047\" class=\"wp-block-wd-row\">\n<div id=\"wd-a6d29b62\" class=\"wp-block-wd-column\">\n<h2 id=\"wd-84a29a4b\" class=\"wp-block-wd-title title wd-custom-width\">Ein seit 1978 t\u00e4tiges Produkt- und Dienstleistungsunternehmen<\/h2>\n<\/div>\n\n\n\n<div id=\"wd-b38a92d6\" class=\"wp-block-wd-column\">\n<h2 id=\"wd-1dff8114\" class=\"wp-block-wd-title title\">Luca Castelli SA<\/h2>\n\n\n\n<p id=\"wd-c421aa48\" class=\"wp-block-wd-paragraph\"><strong>Luca Castelli SA<\/strong> ist ein traditionsreiches Unternehmen mit Sitz in <strong>Castione im Tessin<\/strong>, seit 1978 t\u00e4tig und bekannt f\u00fcr die hohe Qualit\u00e4t seiner Produkte und Dienstleistungen. Im Laufe der Jahre hat es sich einen soliden Ruf durch ein breites und vielf\u00e4ltiges Angebot erarbeitet, das sich sowohl an <strong>Privatkunden<\/strong> als auch an <strong>Profis<\/strong> richtet. <\/p>\n\n\n\n<p id=\"wd-92a2d48c\" class=\"wp-block-wd-paragraph\">Das Unternehmen zeichnet sich durch seine F\u00e4higkeit aus, sich im Laufe der Zeit weiterzuentwickeln, dabei eine starke Verbindung zu den <strong>lokalen Tessiner Traditionen<\/strong> zu bewahren und massgeschneiderte L\u00f6sungen in drei Hauptbereichen anzubieten:<\/p>\n\n\n\n<ul class=\"wp-block-list\">\n<li><strong>Arbeits- und Outdoorbekleidung<\/strong> mit einer sorgf\u00e4ltig ausgew\u00e4hlten Auswahl an technischen Kleidungsst\u00fccken, Schuhen und Accessoires der besten Marken<\/li>\n\n\n\n<li><strong>Verkauf und Service von Maschinen f\u00fcr Gartenpflege<\/strong>, Wartung und Gr\u00fcnfl\u00e4chenpflege, mit interner Werkstatt und Originalersatzteilen<\/li>\n\n\n\n<li><strong>Lieferung von Holz und Kastanienpf\u00e4hlen<\/strong>, lokal verarbeitet und ideal f\u00fcr Landwirtschaft, Bauwesen und Z\u00e4une<\/li>\n<\/ul>\n\n\n\n<p>Dank eines Ansatzes, der auf Kompetenz, Zuverl\u00e4ssigkeit und Kundenservice basiert, ist <strong>Luca Castelli SA<\/strong> heute ein Bezugspunkt in der Schweiz f\u00fcr alle, die <strong>Qualit\u00e4t, Erfahrung und Professionalit\u00e4t<\/strong> in einem einzigen Unternehmen suchen.<\/p>\n<\/div>\n<\/div>\n<\/div>\n\n<div id=\"wd-31bcbef8\" class=\"wp-block-wd-row\">\n<div id=\"wd-c60b3da1\" class=\"wp-block-wd-column\">\n<div id=\"wd-b66b293f\" class=\"wp-block-wd-image wd-block-image\"><img alt=\"\" loading=\"lazy\" decoding=\"async\" width=\"1160\" height=\"522\" class=\" wd-lazy-fade wp-image-81320\" src=\"https:\/\/lucacastelli.com\/wp-content\/themes\/woodmart\/images\/lazy.svg\" data-src=\"https:\/\/newluca-clone.jcloud-ver-jpc.ik-server.com\/wp-content\/uploads\/2025\/02\/LCsa_Shop_interno.jpg\" alt=\"\" srcset=\"\" data-srcset=\"https:\/\/lucacastelli.com\/wp-content\/uploads\/2025\/02\/LCsa_Shop_interno.jpg 1160w, https:\/\/lucacastelli.com\/wp-content\/uploads\/2025\/02\/LCsa_Shop_interno-150x68.jpg 150w, https:\/\/lucacastelli.com\/wp-content\/uploads\/2025\/02\/LCsa_Shop_interno-700x315.jpg 700w, https:\/\/lucacastelli.com\/wp-content\/uploads\/2025\/02\/LCsa_Shop_interno-400x180.jpg 400w, https:\/\/lucacastelli.com\/wp-content\/uploads\/2025\/02\/LCsa_Shop_interno-768x346.jpg 768w\" sizes=\"auto, (max-width: 1160px) 100vw, 1160px\" \/><\/div>\n<\/div>\n\n\n\n<div id=\"wd-8a8a9800\" class=\"wp-block-wd-column\">\n<p id=\"wd-9b2e7492\" class=\"wp-block-wd-paragraph\">BEKLEIDUNG, SCHUHE und ACCESSOIRES<\/p>\n\n\n\n<h2 id=\"wd-7e205a3c\" class=\"wp-block-wd-title title\">Der Laden<\/h2>\n\n\n\n<p id=\"wd-a28b2986\" class=\"wp-block-wd-paragraph\">Das <strong>Bekleidungs- und Schuhgesch\u00e4ft<\/strong> der <strong>Luca Castelli SA<\/strong> mit Sitz in <strong>Castione (Tessin)<\/strong> ist eine der gesch\u00e4tztesten Abteilungen des Unternehmens. Urspr\u00fcnglich gegr\u00fcndet, um technische und funktionale Kleidung anzubieten, ist es heute ein echter Bezugspunkt f\u00fcr alle, die <strong>Arbeitskleidung<\/strong>, <strong>Outdoor-<\/strong> und <strong>Freizeitbekleidung<\/strong> suchen und dabei <strong>Stil, Komfort und Langlebigkeit<\/strong> vereinen. <\/p>\n\n\n\n<p id=\"wd-8f898ae8\" class=\"wp-block-wd-paragraph\">Das Angebot reicht von <strong>Berufskleidung<\/strong> f\u00fcr anspruchsvolle Arbeitsumgebungen bis hin zu bequemen und modernen Kleidungsst\u00fccken f\u00fcr die Freizeit. Jedes Produkt wird sorgf\u00e4ltig ausgew\u00e4hlt und bietet Artikel f\u00fcr <strong>Herren und Damen<\/strong>, von klassischen Linien bis zu den neuesten Trends. <\/p>\n\n\n\n<p id=\"wd-9871dfbb\" class=\"wp-block-wd-paragraph\">Besondere Sorgfalt wird den <strong>Berufs- und Sportschuhen<\/strong> gewidmet, mit einem umfassenden Sortiment an <strong>Forststiefeln<\/strong>, <strong>Sicherheitsschuhen<\/strong>, <strong>Trekkingschuhen<\/strong> und technischen Modellen der besten Marken wie <strong>Pfanner, Meindl, La Sportiva, Haix, Helly Hansen<\/strong> und vielen anderen.<\/p>\n\n\n\n<p>Die Aufmerksamkeit f\u00fcr Materialien, Passform und Qualit\u00e4t macht diesen Bereich ideal f\u00fcr alle, die nicht nur ein Kleidungsst\u00fcck, sondern auch ein umfassendes und wertvolles Einkaufserlebnis suchen. Ob Sie ein Gr\u00fcnpflege-Profi, ein Bergliebhaber oder ein anspruchsvoller Privatkunde sind \u2013 bei Luca Castelli SA finden Sie Kleidung f\u00fcr jeden Bedarf. <\/p>\n\n\n\n<div id=\"wd-511e1e1f\" class=\"wp-block-wd-divider wd-style-line\"><\/div>\n<\/div>\n<\/div>\n\n<div id=\"wd-3eefd353\" class=\"wp-block-wd-row\">\n<div id=\"wd-b25da40f\" class=\"wp-block-wd-column\"><\/div>\n\n\n\n<div id=\"wd-70f5e34a\" class=\"wp-block-wd-column\">\n<p id=\"wd-1e74ccea\" class=\"wp-block-wd-paragraph\">MASCHINEN, MASCHINEN &amp; WERKST\u00c4TTEN<\/p>\n\n\n\n<h2 id=\"wd-cb1cfd57\" class=\"wp-block-wd-title title\">Unser Workshop<\/h2>\n\n\n\n<p id=\"wd-dfa6c138\" class=\"wp-block-wd-paragraph\">Neben technischer Bekleidung zeichnet sich <strong>Luca Castelli SA<\/strong> durch seine fundierte Erfahrung im <strong>Verkauf von Maschinen f\u00fcr Gartenpflege und Gr\u00fcnfl\u00e4chenwartung<\/strong> aus, mit einer internen <strong>Fachwerkstatt<\/strong> in <strong>Castione im Tessin<\/strong>.<\/p>\n\n\n\n<p id=\"wd-55546ca5\" class=\"wp-block-wd-paragraph\">Diese Abteilung bietet eine breite Palette professioneller Ger\u00e4te, darunter <strong>Motors\u00e4gen, Rasenm\u00e4her, Freischneider, Laubbl\u00e4ser, Heckenscheren<\/strong> und weitere <strong>Maschinen f\u00fcr die Pflege von G\u00e4rten, W\u00e4ldern und Gr\u00fcnfl\u00e4chen<\/strong>. Wir f\u00fchren ausschliesslich zuverl\u00e4ssige und hochwertige Marken wie <strong>STIHL, ECHO, OREGON, Milwaukee<\/strong> und garantieren damit H\u00f6chstleistungen in jedem Kontext. <\/p>\n\n\n\n<p id=\"wd-a4e30249\" class=\"wp-block-wd-paragraph\">Unser Mehrwert? Die <strong>interne Werkstatt<\/strong>, vollst\u00e4ndig ausgestattet f\u00fcr <strong>Wartung, Reparatur und technische Revision<\/strong>. Das qualifizierte Personal gew\u00e4hrleistet schnelle Bearbeitungszeiten, pr\u00e4zise Diagnosen und die Verwendung von <strong>Originalersatzteilen<\/strong>, um Ihre Ger\u00e4te stets in optimalem Zustand zu halten.  <\/p>\n\n\n\n<p>Ob Sie G\u00e4rtner, Gr\u00fcnpfleger oder anspruchsvoller Privatkunde sind \u2013 Sie k\u00f6nnen auf einen <strong>umfassenden und professionellen Service<\/strong> z\u00e4hlen, von der Beratung vor dem Kauf bis zum Kundendienst nach dem Kauf.<\/p>\n\n\n\n<div id=\"wd-ba2dc387\" class=\"wp-block-wd-divider wd-style-line\"><\/div>\n<\/div>\n<\/div>\n\n<div id=\"wd-d6cf7b5a\" class=\"wp-block-wd-row\">\n<div id=\"wd-5b1f2604\" class=\"wp-block-wd-column\">\n<div id=\"wd-b19e6fa3\" class=\"wp-block-wd-image wd-block-image\"><img alt=\"\" loading=\"lazy\" decoding=\"async\" width=\"960\" height=\"720\" class=\" wd-lazy-fade wp-image-81324\" src=\"https:\/\/lucacastelli.com\/wp-content\/themes\/woodmart\/images\/lazy.svg\" data-src=\"https:\/\/newluca-clone.jcloud-ver-jpc.ik-server.com\/wp-content\/uploads\/2025\/02\/LCsa_legname_esterno.jpg\" alt=\"\" srcset=\"\" data-srcset=\"https:\/\/lucacastelli.com\/wp-content\/uploads\/2025\/02\/LCsa_legname_esterno.jpg 960w, https:\/\/lucacastelli.com\/wp-content\/uploads\/2025\/02\/LCsa_legname_esterno-150x113.jpg 150w, https:\/\/lucacastelli.com\/wp-content\/uploads\/2025\/02\/LCsa_legname_esterno-700x525.jpg 700w, https:\/\/lucacastelli.com\/wp-content\/uploads\/2025\/02\/LCsa_legname_esterno-400x300.jpg 400w, https:\/\/lucacastelli.com\/wp-content\/uploads\/2025\/02\/LCsa_legname_esterno-768x576.jpg 768w\" sizes=\"auto, (max-width: 960px) 100vw, 960px\" \/><\/div>\n<\/div>\n\n\n\n<div id=\"wd-a2c39134\" class=\"wp-block-wd-column\">\n<p id=\"wd-f05dc773\" class=\"wp-block-wd-paragraph\">KASTNUSS- und HOLZST\u00c4NDE<\/p>\n\n\n\n<h2 id=\"wd-9ed7ee62\" class=\"wp-block-wd-title title\">Verkauf von<br\/><a href=\"https:\/\/lucacastelli.com\/de\/marke\/luca-castelli-legnami-de\/\" data-type=\"product_brand\" data-id=\"3411\">Holz und Kastanienpf\u00e4hlen<\/a><\/h2>\n\n\n\n<p id=\"wd-d123abcd\" class=\"wp-block-wd-paragraph\">Der dritte Gesch\u00e4ftsbereich der Luca Castelli SA betrifft den Verkauf von Holz und Kastanienpf\u00e4hlen, eine Abteilung, die die starke Verbundenheit des Unternehmens mit den Traditionen des Tessiner Gebiets widerspiegelt.<\/p>\n\n\n\n<p id=\"wd-1b08d3b1\" class=\"wp-block-wd-paragraph\">Kastanienholz ist eine wertvolle Ressource in dieser Region, bekannt f\u00fcr seine Langlebigkeit und Vielseitigkeit. Das Unternehmen bietet eine breite Auswahl an Kastanienpf\u00e4hlen, die in zahlreichen Bereichen wie Landwirtschaft, Bauwesen und Viehzucht eingesetzt werden. Kastanienholz ist dank seiner Robustheit ideal f\u00fcr Aussenkonstruktionen, Z\u00e4une und andere Strukturen, die witterungsbest\u00e4ndige Materialien erfordern. Luca Castelli SA ist in der Lage, massgeschneiderte L\u00f6sungen anzubieten und den Anforderungen jedes Kunden mit fachkundiger Beratung und besonderer Aufmerksamkeit f\u00fcr die Qualit\u00e4t des gelieferten Materials gerecht zu werden.   <\/p>\n\n\n\n<div id=\"wd-ebd7fd2c\" class=\"wp-block-wd-divider wd-style-line\"><\/div>\n<\/div>\n<\/div>\n","protected":false},"excerpt":{"rendered":"","protected":false},"author":1,"featured_media":0,"parent":0,"menu_order":30,"comment_status":"closed","ping_status":"closed","template":"","meta":{"_seopress_robots_primary_cat":"","_seopress_titles_title":"\u00dcber uns \u2013 Die Geschichte der Luca Castelli SA seit 1978 in Castione","_seopress_titles_desc":"Luca Castelli SA ist ein traditionsreiches Unternehmen im Tessin, gegr\u00fcndet 1978. Entdecken Sie unsere Entwicklung, die Werte, die uns leiten, und unser Engagement f\u00fcr Qualit\u00e4t und Tradition. ","_seopress_robots_index":"","footnotes":""},"class_list":["post-35116","page","type-page","status-publish","hentry"],"_links":{"self":[{"href":"https:\/\/lucacastelli.com\/de\/wp-json\/wp\/v2\/pages\/35116","targetHints":{"allow":["GET"]}}],"collection":[{"href":"https:\/\/lucacastelli.com\/de\/wp-json\/wp\/v2\/pages"}],"about":[{"href":"https:\/\/lucacastelli.com\/de\/wp-json\/wp\/v2\/types\/page"}],"author":[{"embeddable":true,"href":"https:\/\/lucacastelli.com\/de\/wp-json\/wp\/v2\/users\/1"}],"replies":[{"embeddable":true,"href":"https:\/\/lucacastelli.com\/de\/wp-json\/wp\/v2\/comments?post=35116"}],"version-history":[{"count":3,"href":"https:\/\/lucacastelli.com\/de\/wp-json\/wp\/v2\/pages\/35116\/revisions"}],"predecessor-version":[{"id":832513,"href":"https:\/\/lucacastelli.com\/de\/wp-json\/wp\/v2\/pages\/35116\/revisions\/832513"}],"wp:attachment":[{"href":"https:\/\/lucacastelli.com\/de\/wp-json\/wp\/v2\/media?parent=35116"}],"curies":[{"name":"wp","href":"https:\/\/api.w.org\/{rel}","templated":true}]}}